{"id":1632,"date":"2019-06-03T14:09:12","date_gmt":"2019-06-03T12:09:12","guid":{"rendered":"https:\/\/www.paprikamolnar.hu\/english\/?page_id=1632"},"modified":"2019-11-27T16:49:17","modified_gmt":"2019-11-27T15:49:17","slug":"impressum","status":"publish","type":"page","link":"https:\/\/www.paprikamolnar.hu\/english\/impressum\/","title":{"rendered":"Impressum"},"content":{"rendered":"<p><strong>1. AZ \u00dcZEMELTET\u0150 ADATAI<\/strong><\/p>\n<p>Az \u00fczemeltet\u0151 neve: PaprikaMoln\u00e1r Kft.<br \/>\nAz \u00fczemeltet\u0151 sz\u00e9khelye: 6758 R\u00f6szke, II. k\u00f6rzet 50\/B<br \/>\nAz \u00fczemeltet\u0151 postac\u00edme: 6758 R\u00f6szke, II. k\u00f6rzet 50\/B<br \/>\nAz \u00fczemeltet\u0151 c\u00e9gb\u00edr\u00f3s\u00e1gi bejegyz\u00e9si sz\u00e1ma: 09-09-009130<br \/>\nAz \u00fczemeltet\u0151 ad\u00f3sz\u00e1ma: 13238092-2-06<br \/>\nAz \u00fczemeltet\u0151 EU ad\u00f3sz\u00e1ma: HU13238092<br \/>\nAz \u00fczemeltet\u0151 adatkezel\u00e9si nyilv\u00e1ntart\u00e1si sz\u00e1ma: NAIH-92501\/2015<\/p>\n<p><strong>2. AZ \u00dcZEMELTET\u0150 EL\u00c9RHET\u0150S\u00c9GE<\/strong><\/p>\n<p>\u00dcgyf\u00e9lszolg\u00e1lat: 6758 R\u00f6szke, II. k\u00f6rzet 50\/B<br \/>\nTelefon: + 62&nbsp;272&nbsp;788<br \/>\ne-mail: paprika@paprikamolnar.hu\/english<\/p>\n<p><strong>3. AZ \u00dcZEMELTET\u0150 WEBOLDAL\u00c1NAK T\u00c1RHELYSZOLG\u00c1LTAT\u00d3JA<\/strong><\/p>\n<p>A weboldal t\u00e1rhelyszolg\u00e1ltat\u00f3ja az Axon Produkt Kft. (sz\u00e9khely: 6762 S\u00e1ndorfalva, T\u00f6lgy u. 1. E-mail: support@axonltd.hu)<\/p>\n","protected":false},"excerpt":{"rendered":"<p>1. AZ \u00dcZEMELTET\u0150 ADATAI Az \u00fczemeltet\u0151 neve: PaprikaMoln\u00e1r Kft. Az \u00fczemeltet\u0151 sz\u00e9khelye: 6758 R\u00f6szke, II. k\u00f6rzet 50\/B Az \u00fczemeltet\u0151 postac\u00edme: 6758 R\u00f6szke, II. k\u00f6rzet 50\/B Az \u00fczemeltet\u0151 c\u00e9gb\u00edr\u00f3s\u00e1gi bejegyz\u00e9si sz\u00e1ma: 09-09-009130 Az \u00fczemeltet\u0151 ad\u00f3sz\u00e1ma: 13238092-2-06 Az \u00fczemeltet\u0151 EU ad\u00f3sz\u00e1ma: HU13238092 Az \u00fczemeltet\u0151 adatkezel\u00e9si nyilv\u00e1ntart\u00e1si sz\u00e1ma: NAIH-92501\/2015 2. AZ \u00dcZEMELTET\u0150 EL\u00c9RHET\u0150S\u00c9GE \u00dcgyf\u00e9lszolg\u00e1lat: 6758 R\u00f6szke, II. k\u00f6rzet&hellip;<\/p>\n","protected":false},"author":1,"featured_media":0,"parent":0,"menu_order":0,"comment_status":"closed","ping_status":"closed","template":"","meta":{"footnotes":""},"class_list":["post-1632","page","type-page","status-publish","hentry","description-off"],"yoast_head":"<!-- This site is optimized with the Yoast SEO plugin v24.4 - https:\/\/yoast.com\/wordpress\/plugins\/seo\/ -->\n<title>Impressum - PaprikaMolnar<\/title>\n<meta name=\"robots\" content=\"index, follow, max-snippet:-1, max-image-preview:large, max-video-preview:-1\" \/>\n<link rel=\"canonical\" href=\"https:\/\/www.paprikamolnar.hu\/english\/impressum\/\" \/>\n<meta property=\"og:locale\" content=\"en_US\" \/>\n<meta property=\"og:type\" content=\"article\" \/>\n<meta property=\"og:title\" content=\"Impressum - PaprikaMolnar\" \/>\n<meta property=\"og:description\" content=\"1. AZ \u00dcZEMELTET\u0150 ADATAI Az \u00fczemeltet\u0151 neve: PaprikaMoln\u00e1r Kft. Az \u00fczemeltet\u0151 sz\u00e9khelye: 6758 R\u00f6szke, II. k\u00f6rzet 50\/B Az \u00fczemeltet\u0151 postac\u00edme: 6758 R\u00f6szke, II. k\u00f6rzet 50\/B Az \u00fczemeltet\u0151 c\u00e9gb\u00edr\u00f3s\u00e1gi bejegyz\u00e9si sz\u00e1ma: 09-09-009130 Az \u00fczemeltet\u0151 ad\u00f3sz\u00e1ma: 13238092-2-06 Az \u00fczemeltet\u0151 EU ad\u00f3sz\u00e1ma: HU13238092 Az \u00fczemeltet\u0151 adatkezel\u00e9si nyilv\u00e1ntart\u00e1si sz\u00e1ma: NAIH-92501\/2015 2. AZ \u00dcZEMELTET\u0150 EL\u00c9RHET\u0150S\u00c9GE \u00dcgyf\u00e9lszolg\u00e1lat: 6758 R\u00f6szke, II. k\u00f6rzet&hellip;\" \/>\n<meta property=\"og:url\" content=\"https:\/\/www.paprikamolnar.hu\/english\/impressum\/\" \/>\n<meta property=\"og:site_name\" content=\"PaprikaMolnar\" \/>\n<meta property=\"article:modified_time\" content=\"2019-11-27T15:49:17+00:00\" \/>\n<meta name=\"twitter:card\" content=\"summary_large_image\" \/>\n<meta name=\"twitter:label1\" content=\"Est. reading time\" \/>\n\t<meta name=\"twitter:data1\" content=\"1 minute\" \/>\n<script type=\"application\/ld+json\" class=\"yoast-schema-graph\">{\"@context\":\"https:\/\/schema.org\",\"@graph\":[{\"@type\":\"WebPage\",\"@id\":\"https:\/\/www.paprikamolnar.hu\/english\/impressum\/\",\"url\":\"https:\/\/www.paprikamolnar.hu\/english\/impressum\/\",\"name\":\"Impressum - PaprikaMolnar\",\"isPartOf\":{\"@id\":\"https:\/\/www.paprikamolnar.hu\/english\/#website\"},\"datePublished\":\"2019-06-03T12:09:12+00:00\",\"dateModified\":\"2019-11-27T15:49:17+00:00\",\"breadcrumb\":{\"@id\":\"https:\/\/www.paprikamolnar.hu\/english\/impressum\/#breadcrumb\"},\"inLanguage\":\"en-US\",\"potentialAction\":[{\"@type\":\"ReadAction\",\"target\":[\"https:\/\/www.paprikamolnar.hu\/english\/impressum\/\"]}]},{\"@type\":\"BreadcrumbList\",\"@id\":\"https:\/\/www.paprikamolnar.hu\/english\/impressum\/#breadcrumb\",\"itemListElement\":[{\"@type\":\"ListItem\",\"position\":1,\"name\":\"Home\",\"item\":\"https:\/\/www.paprikamolnar.hu\/english\/\"},{\"@type\":\"ListItem\",\"position\":2,\"name\":\"Impressum\"}]},{\"@type\":\"WebSite\",\"@id\":\"https:\/\/www.paprikamolnar.hu\/english\/#website\",\"url\":\"https:\/\/www.paprikamolnar.hu\/english\/\",\"name\":\"PaprikaMolnar\",\"description\":\"Paprika Mill and Museum\",\"potentialAction\":[{\"@type\":\"SearchAction\",\"target\":{\"@type\":\"EntryPoint\",\"urlTemplate\":\"https:\/\/www.paprikamolnar.hu\/english\/?s={search_term_string}\"},\"query-input\":{\"@type\":\"PropertyValueSpecification\",\"valueRequired\":true,\"valueName\":\"search_term_string\"}}],\"inLanguage\":\"en-US\"}]}<\/script>\n<!-- \/ Yoast SEO plugin. -->","yoast_head_json":{"title":"Impressum - PaprikaMolnar","robots":{"index":"index","follow":"follow","max-snippet":"max-snippet:-1","max-image-preview":"max-image-preview:large","max-video-preview":"max-video-preview:-1"},"canonical":"https:\/\/www.paprikamolnar.hu\/english\/impressum\/","og_locale":"en_US","og_type":"article","og_title":"Impressum - PaprikaMolnar","og_description":"1. AZ \u00dcZEMELTET\u0150 ADATAI Az \u00fczemeltet\u0151 neve: PaprikaMoln\u00e1r Kft. Az \u00fczemeltet\u0151 sz\u00e9khelye: 6758 R\u00f6szke, II. k\u00f6rzet 50\/B Az \u00fczemeltet\u0151 postac\u00edme: 6758 R\u00f6szke, II. k\u00f6rzet 50\/B Az \u00fczemeltet\u0151 c\u00e9gb\u00edr\u00f3s\u00e1gi bejegyz\u00e9si sz\u00e1ma: 09-09-009130 Az \u00fczemeltet\u0151 ad\u00f3sz\u00e1ma: 13238092-2-06 Az \u00fczemeltet\u0151 EU ad\u00f3sz\u00e1ma: HU13238092 Az \u00fczemeltet\u0151 adatkezel\u00e9si nyilv\u00e1ntart\u00e1si sz\u00e1ma: NAIH-92501\/2015 2. AZ \u00dcZEMELTET\u0150 EL\u00c9RHET\u0150S\u00c9GE \u00dcgyf\u00e9lszolg\u00e1lat: 6758 R\u00f6szke, II. k\u00f6rzet&hellip;","og_url":"https:\/\/www.paprikamolnar.hu\/english\/impressum\/","og_site_name":"PaprikaMolnar","article_modified_time":"2019-11-27T15:49:17+00:00","twitter_card":"summary_large_image","twitter_misc":{"Est. reading time":"1 minute"},"schema":{"@context":"https:\/\/schema.org","@graph":[{"@type":"WebPage","@id":"https:\/\/www.paprikamolnar.hu\/english\/impressum\/","url":"https:\/\/www.paprikamolnar.hu\/english\/impressum\/","name":"Impressum - PaprikaMolnar","isPartOf":{"@id":"https:\/\/www.paprikamolnar.hu\/english\/#website"},"datePublished":"2019-06-03T12:09:12+00:00","dateModified":"2019-11-27T15:49:17+00:00","breadcrumb":{"@id":"https:\/\/www.paprikamolnar.hu\/english\/impressum\/#breadcrumb"},"inLanguage":"en-US","potentialAction":[{"@type":"ReadAction","target":["https:\/\/www.paprikamolnar.hu\/english\/impressum\/"]}]},{"@type":"BreadcrumbList","@id":"https:\/\/www.paprikamolnar.hu\/english\/impressum\/#breadcrumb","itemListElement":[{"@type":"ListItem","position":1,"name":"Home","item":"https:\/\/www.paprikamolnar.hu\/english\/"},{"@type":"ListItem","position":2,"name":"Impressum"}]},{"@type":"WebSite","@id":"https:\/\/www.paprikamolnar.hu\/english\/#website","url":"https:\/\/www.paprikamolnar.hu\/english\/","name":"PaprikaMolnar","description":"Paprika Mill and Museum","potentialAction":[{"@type":"SearchAction","target":{"@type":"EntryPoint","urlTemplate":"https:\/\/www.paprikamolnar.hu\/english\/?s={search_term_string}"},"query-input":{"@type":"PropertyValueSpecification","valueRequired":true,"valueName":"search_term_string"}}],"inLanguage":"en-US"}]}},"_links":{"self":[{"href":"https:\/\/www.paprikamolnar.hu\/english\/wp-json\/wp\/v2\/pages\/1632","targetHints":{"allow":["GET"]}}],"collection":[{"href":"https:\/\/www.paprikamolnar.hu\/english\/wp-json\/wp\/v2\/pages"}],"about":[{"href":"https:\/\/www.paprikamolnar.hu\/english\/wp-json\/wp\/v2\/types\/page"}],"author":[{"embeddable":true,"href":"https:\/\/www.paprikamolnar.hu\/english\/wp-json\/wp\/v2\/users\/1"}],"replies":[{"embeddable":true,"href":"https:\/\/www.paprikamolnar.hu\/english\/wp-json\/wp\/v2\/comments?post=1632"}],"version-history":[{"count":0,"href":"https:\/\/www.paprikamolnar.hu\/english\/wp-json\/wp\/v2\/pages\/1632\/revisions"}],"wp:attachment":[{"href":"https:\/\/www.paprikamolnar.hu\/english\/wp-json\/wp\/v2\/media?parent=1632"}],"curies":[{"name":"wp","href":"https:\/\/api.w.org\/{rel}","templated":true}]}}